{"id":14519,"date":"2025-11-25T16:09:45","date_gmt":"2025-11-25T16:09:45","guid":{"rendered":"https:\/\/viande-halal.fr\/wittenheim\/?post_type=product&#038;p=14519"},"modified":"2025-11-25T16:10:24","modified_gmt":"2025-11-25T16:10:24","slug":"red-bull-pasteque-25cl","status":"publish","type":"product","link":"https:\/\/prointer.fr\/wittenheim\/produit\/red-bull-pasteque-25cl\/","title":{"rendered":"RED BULL PASTEQUE &#8211; 25CL"},"content":{"rendered":"<p>D\u00e9couvrez la toute nouvelle \u00e9dition limit\u00e9e de Red Bull : la Red Bull Past\u00e8que en format 25cl ! Cette boisson \u00e9nergisante au d\u00e9licieux go\u00fbt de past\u00e8que saura vous donner un coup de boost tout en vous rafra\u00eechissant. Id\u00e9ale pour vous accompagner lors de vos journ\u00e9es bien remplies, que ce soit au travail, \u00e0 l&rsquo;\u00e9cole ou pendant vos s\u00e9ances de sport.nnRed Bull, la marque de r\u00e9f\u00e9rence en mati\u00e8re de boissons \u00e9nergisantes, vous propose ici une version estivale et fruit\u00e9e qui saura satisfaire les amateurs de saveurs originales. Avec sa formule unique et sa teneur en caf\u00e9ine, la Red Bull Past\u00e8que vous donnera l&rsquo;\u00e9nergie n\u00e9cessaire pour affronter toutes les situations.nnDisponible en format pratique de 25cl, cette boisson est parfaite pour emporter partout avec vous. Ajoutez-la \u00e0 votre panier lors de votre prochaine visite en magasin et profitez de son go\u00fbt unique et rafra\u00eechissant. Ne passez pas \u00e0 c\u00f4t\u00e9 de cette \u00e9dition limit\u00e9e et faites-vous plaisir avec la Red Bull Past\u00e8que !<\/p>\n","protected":false},"excerpt":{"rendered":"<p>D\u00e9couvrez le Red Bull Past\u00e8que &#8211; 25cl, la nouvelle boisson \u00e9nergisante de la c\u00e9l\u00e8bre marque Red Bull. Rafra\u00eechissante et savoureuse, cette \u00e9dition limit\u00e9e vous donnera un coup de boost instantan\u00e9.<\/p>\n","protected":false},"featured_media":14841,"comment_status":"closed","ping_status":"closed","template":"","meta":{"footnotes":""},"product_cat":[76,75],"product_tag":[98],"class_list":{"0":"post-14519","1":"product","2":"type-product","3":"status-publish","4":"has-post-thumbnail","6":"product_brand-red-bull","7":"product_cat-boissons","8":"product_cat-tous-les-produits","9":"product_tag-red-bull","10":"product_shipping_class-top-produits","12":"first","13":"instock","14":"taxable","15":"shipping-taxable","16":"purchasable","17":"product-type-simple"},"_links":{"self":[{"href":"https:\/\/prointer.fr\/wittenheim\/wp-json\/wp\/v2\/product\/14519","targetHints":{"allow":["GET"]}}],"collection":[{"href":"https:\/\/prointer.fr\/wittenheim\/wp-json\/wp\/v2\/product"}],"about":[{"href":"https:\/\/prointer.fr\/wittenheim\/wp-json\/wp\/v2\/types\/product"}],"replies":[{"embeddable":true,"href":"https:\/\/prointer.fr\/wittenheim\/wp-json\/wp\/v2\/comments?post=14519"}],"version-history":[{"count":1,"href":"https:\/\/prointer.fr\/wittenheim\/wp-json\/wp\/v2\/product\/14519\/revisions"}],"predecessor-version":[{"id":14842,"href":"https:\/\/prointer.fr\/wittenheim\/wp-json\/wp\/v2\/product\/14519\/revisions\/14842"}],"wp:featuredmedia":[{"embeddable":true,"href":"https:\/\/prointer.fr\/wittenheim\/wp-json\/wp\/v2\/media\/14841"}],"wp:attachment":[{"href":"https:\/\/prointer.fr\/wittenheim\/wp-json\/wp\/v2\/media?parent=14519"}],"wp:term":[{"taxonomy":"product_cat","embeddable":true,"href":"https:\/\/prointer.fr\/wittenheim\/wp-json\/wp\/v2\/product_cat?post=14519"},{"taxonomy":"product_tag","embeddable":true,"href":"https:\/\/prointer.fr\/wittenheim\/wp-json\/wp\/v2\/product_tag?post=14519"}],"curies":[{"name":"wp","href":"https:\/\/api.w.org\/{rel}","templated":true}]}}