{"id":14540,"date":"2025-11-25T16:09:46","date_gmt":"2025-11-25T16:09:46","guid":{"rendered":"https:\/\/viande-halal.fr\/wittenheim\/?post_type=product&#038;p=14540"},"modified":"2025-11-25T16:10:15","modified_gmt":"2025-11-25T16:10:15","slug":"sucuk-pimente-yonca-efepasa-500g","status":"publish","type":"product","link":"https:\/\/prointer.fr\/wittenheim\/produit\/sucuk-pimente-yonca-efepasa-500g\/","title":{"rendered":"SUCUK PIMENTE YONCA EFEPASA &#8211; 500G"},"content":{"rendered":"<h3>SUCUK PIMENTE YONCA EFEPASA &#8211; 500G<\/h3>\n<p data-start=\"1298\" data-end=\"1654\">Le <strong data-start=\"1301\" data-end=\"1339\"><a href=\"https:\/\/viande-halal.fr\/categorie-produit\/tous-les-produits\/rayon-charcuterie\/\" target=\"_blank\" rel=\"noopener\">SUCUK<\/a> PIMENTE YONCA <a href=\"https:\/\/www.egetuerk.de\/efepasa\/#\" target=\"_blank\" rel=\"noopener\">EFEPASA<\/a> &#8211; 500G<\/strong> est une sp\u00e9cialit\u00e9 de charcuterie turque qui ravira tous les amateurs de viande \u00e9pic\u00e9e et savoureuse. Fabriqu\u00e9 par la marque r\u00e9put\u00e9e <strong data-start=\"1473\" data-end=\"1484\">EFEPASA<\/strong>, ce saucisson est \u00e9labor\u00e9 avec <strong data-start=\"1516\" data-end=\"1549\">du b\u0153uf halal s\u00e9lectionn\u00e9 avec soin<\/strong> et un <strong data-start=\"1556\" data-end=\"1600\">m\u00e9lange d\u2019\u00e9pices traditionnelles turques<\/strong>, offrant une explosion de saveurs \u00e0 chaque bouch\u00e9e.<\/p>\n<p data-start=\"1656\" data-end=\"1993\">Sa <strong data-start=\"1659\" data-end=\"1695\">texture ferme et son go\u00fbt relev\u00e9<\/strong> en font un produit polyvalent en cuisine. Il peut \u00eatre d\u00e9gust\u00e9 grill\u00e9 \u00e0 la po\u00eale pour un ap\u00e9ritif gourmand, frit pour accompagner vos plats, ou simplement tranch\u00e9 finement dans vos sandwichs et petits-d\u00e9jeuners. Chaque utilisation mettra en valeur ses ar\u00f4mes authentiques et sa richesse en go\u00fbt.<\/p>\n<p data-start=\"1995\" data-end=\"2357\">Le <strong data-start=\"1998\" data-end=\"2029\">SUCUK PIMENTE YONCA EFEPASA<\/strong> est emball\u00e9 sous vide pour pr\u00e9server toute sa <strong data-start=\"2076\" data-end=\"2103\">fra\u00eecheur et sa qualit\u00e9<\/strong>, vous permettant de le conserver facilement et de profiter de ses saveurs \u00e0 tout moment. Son format pratique de 500g est id\u00e9al pour les repas en famille ou entre amis, ainsi que pour vos pr\u00e9parations culinaires n\u00e9cessitant un produit \u00e9pic\u00e9 de qualit\u00e9.<\/p>\n<p data-start=\"2359\" data-end=\"2608\">En choisissant ce sucuk turc, vous apportez une <strong data-start=\"2407\" data-end=\"2446\">note d\u2019authenticit\u00e9 et de caract\u00e8re<\/strong> \u00e0 vos plats. Il s\u2019int\u00e8gre parfaitement aux recettes traditionnelles ou contemporaines, et saura s\u00e9duire les palais en qu\u00eate de <strong data-start=\"2574\" data-end=\"2605\">saveurs intenses et \u00e9pic\u00e9es<\/strong>.<\/p>\n<p data-start=\"2610\" data-end=\"2902\">Disponible d\u00e8s maintenant dans votre supermarch\u00e9, le <strong data-start=\"2663\" data-end=\"2701\">SUCUK PIMENTE YONCA EFEPASA &#8211; 500G<\/strong> est un incontournable pour tous les amateurs de charcuterie turque et d\u2019\u00e9pices. Faites voyager vos papilles et d\u00e9couvrez la richesse culinaire de la Turquie gr\u00e2ce \u00e0 ce produit de qualit\u00e9 sup\u00e9rieure.<\/p>\n","protected":false},"excerpt":{"rendered":"<p data-start=\"188\" data-end=\"524\">D\u00e9couvrez le <strong data-start=\"201\" data-end=\"239\">SUCUK PIMENTE YONCA EFEPASA &#8211; 500G<\/strong>, un saucisson \u00e0 l&rsquo;ail turc \u00e9pic\u00e9 incontournable pour tous les amateurs de charcuterie authentique. Fabriqu\u00e9 \u00e0 partir de <strong data-start=\"352\" data-end=\"392\">viande de b\u0153uf de qualit\u00e9 sup\u00e9rieure<\/strong> et assaisonn\u00e9 avec des <strong data-start=\"416\" data-end=\"450\">\u00e9pices traditionnelles turques<\/strong>, ce sucuk offre un go\u00fbt relev\u00e9 et savoureux qui \u00e9veillera vos papilles.<\/p>\n<p data-start=\"526\" data-end=\"824\">Avec sa texture ferme et son go\u00fbt intense, le <strong data-start=\"572\" data-end=\"603\">SUCUK PIMENT\u00c9 YONCA EFEPASA<\/strong> se d\u00e9guste de multiples fa\u00e7ons\u202f: grill\u00e9 \u00e0 la po\u00eale, frit, ou tranch\u00e9 finement pour vos ap\u00e9ritifs, sandwichs ou petits-d\u00e9jeuners. Son emballage sous vide garantit une <strong data-start=\"770\" data-end=\"792\">fra\u00eecheur optimale<\/strong> et une conservation pratique.<\/p>\n<p data-start=\"826\" data-end=\"1058\">Ce produit turc authentique est parfait pour apporter une <strong data-start=\"884\" data-end=\"924\">touche d\u2019originalit\u00e9 et de caract\u00e8re<\/strong> \u00e0 vos repas. Disponible en format g\u00e9n\u00e9reux de 500g, il est id\u00e9al pour partager lors de moments conviviaux en famille ou entre amis.<\/p>\n<p data-start=\"1060\" data-end=\"1230\">Ajoutez d\u00e8s maintenant le <strong data-start=\"1086\" data-end=\"1124\">SUCUK PIMENT\u00c9 YONCA EFEPASA &#8211; 500G<\/strong> \u00e0 votre panier et laissez-vous s\u00e9duire par les saveurs intenses de cette charcuterie turque de qualit\u00e9.<\/p>\n","protected":false},"featured_media":14788,"comment_status":"closed","ping_status":"closed","template":"","meta":{"footnotes":""},"product_cat":[314,638,75],"product_tag":[101],"class_list":{"0":"post-14540","1":"product","2":"type-product","3":"status-publish","4":"has-post-thumbnail","6":"product_brand-efepasa","7":"product_cat-produits-frais","8":"product_cat-rayon-charcuterie","9":"product_cat-tous-les-produits","10":"product_tag-efepasa","11":"product_shipping_class-top-produits","13":"first","14":"instock","15":"taxable","16":"shipping-taxable","17":"purchasable","18":"product-type-simple"},"_links":{"self":[{"href":"https:\/\/prointer.fr\/wittenheim\/wp-json\/wp\/v2\/product\/14540","targetHints":{"allow":["GET"]}}],"collection":[{"href":"https:\/\/prointer.fr\/wittenheim\/wp-json\/wp\/v2\/product"}],"about":[{"href":"https:\/\/prointer.fr\/wittenheim\/wp-json\/wp\/v2\/types\/product"}],"replies":[{"embeddable":true,"href":"https:\/\/prointer.fr\/wittenheim\/wp-json\/wp\/v2\/comments?post=14540"}],"version-history":[{"count":1,"href":"https:\/\/prointer.fr\/wittenheim\/wp-json\/wp\/v2\/product\/14540\/revisions"}],"predecessor-version":[{"id":14789,"href":"https:\/\/prointer.fr\/wittenheim\/wp-json\/wp\/v2\/product\/14540\/revisions\/14789"}],"wp:featuredmedia":[{"embeddable":true,"href":"https:\/\/prointer.fr\/wittenheim\/wp-json\/wp\/v2\/media\/14788"}],"wp:attachment":[{"href":"https:\/\/prointer.fr\/wittenheim\/wp-json\/wp\/v2\/media?parent=14540"}],"wp:term":[{"taxonomy":"product_cat","embeddable":true,"href":"https:\/\/prointer.fr\/wittenheim\/wp-json\/wp\/v2\/product_cat?post=14540"},{"taxonomy":"product_tag","embeddable":true,"href":"https:\/\/prointer.fr\/wittenheim\/wp-json\/wp\/v2\/product_tag?post=14540"}],"curies":[{"name":"wp","href":"https:\/\/api.w.org\/{rel}","templated":true}]}}