{"id":14610,"date":"2025-11-25T16:09:52","date_gmt":"2025-11-25T16:09:52","guid":{"rendered":"https:\/\/viande-halal.fr\/wittenheim\/?post_type=product&#038;p=14610"},"modified":"2025-11-25T16:09:56","modified_gmt":"2025-11-25T16:09:56","slug":"datte-algerie-1kg","status":"publish","type":"product","link":"https:\/\/prointer.fr\/wittenheim\/produit\/datte-algerie-1kg\/","title":{"rendered":"DATTE ALGERIE &#8211; 1KG"},"content":{"rendered":"<p>Les dattes d&rsquo;Alg\u00e9rie de la marque sont une d\u00e9licieuse et saine collation \u00e0 savourer \u00e0 tout moment de la journ\u00e9e. Ce sachet de 1kg de dattes succulentes et juteuses est parfait pour satisfaire vos envies de sucr\u00e9 de mani\u00e8re naturelle. Les dattes d&rsquo;Alg\u00e9rie sont r\u00e9put\u00e9es pour leur go\u00fbt sucr\u00e9 et leur texture moelleuse, faisant d&rsquo;elles un incontournable de la cuisine m\u00e9diterran\u00e9enne.nnCes dattes proviennent directement d&rsquo;Alg\u00e9rie, un pays reconnu pour la qualit\u00e9 de ses fruits et de ses dattes en particulier. Riches en fibres, en min\u00e9raux et en antioxydants, les dattes sont \u00e9galement une excellente source d&rsquo;\u00e9nergie pour vous accompagner tout au long de la journ\u00e9e.nnQue ce soit pour une pause gourmande, pour agr\u00e9menter vos recettes sucr\u00e9es ou pour ajouter une touche exotique \u00e0 vos plats sal\u00e9s, les dattes d&rsquo;Alg\u00e9rie de la marque sont un choix id\u00e9al. Offrez-vous ce sachet de 1kg de dattes pour profiter de leur saveur d\u00e9licate et de leur apport nutritionnel.nnN&rsquo;attendez plus pour vous procurer ces dattes d&rsquo;Alg\u00e9rie de qualit\u00e9 sup\u00e9rieure et laissez-vous s\u00e9duire par leur go\u00fbt incomparable. Commandez d\u00e8s maintenant sur notre site ou rendez-vous dans notre supermarch\u00e9 pour d\u00e9couvrir toute notre s\u00e9lection d&rsquo;\u00e9picerie sucr\u00e9e.<\/p>\n","protected":false},"excerpt":{"rendered":"<p>D\u00e9couvrez les d\u00e9licieuses dattes d&rsquo;Alg\u00e9rie de la marque [Nom de la marque] en format 1kg. Savourez leur saveur sucr\u00e9e et leurs bienfaits nutritionnels. Commandez d\u00e8s maintenant sur notre boutique en ligne.<\/p>\n","protected":false},"featured_media":13643,"comment_status":"closed","ping_status":"closed","template":"","meta":{"footnotes":""},"product_cat":[105,75],"product_tag":[],"class_list":{"0":"post-14610","1":"product","2":"type-product","3":"status-publish","4":"has-post-thumbnail","6":"product_cat-epicerie-sucree","7":"product_cat-tous-les-produits","8":"product_shipping_class-top-produits","10":"first","11":"instock","12":"taxable","13":"shipping-taxable","14":"purchasable","15":"product-type-simple"},"_links":{"self":[{"href":"https:\/\/prointer.fr\/wittenheim\/wp-json\/wp\/v2\/product\/14610","targetHints":{"allow":["GET"]}}],"collection":[{"href":"https:\/\/prointer.fr\/wittenheim\/wp-json\/wp\/v2\/product"}],"about":[{"href":"https:\/\/prointer.fr\/wittenheim\/wp-json\/wp\/v2\/types\/product"}],"replies":[{"embeddable":true,"href":"https:\/\/prointer.fr\/wittenheim\/wp-json\/wp\/v2\/comments?post=14610"}],"version-history":[{"count":1,"href":"https:\/\/prointer.fr\/wittenheim\/wp-json\/wp\/v2\/product\/14610\/revisions"}],"predecessor-version":[{"id":14642,"href":"https:\/\/prointer.fr\/wittenheim\/wp-json\/wp\/v2\/product\/14610\/revisions\/14642"}],"wp:featuredmedia":[{"embeddable":true,"href":"https:\/\/prointer.fr\/wittenheim\/wp-json\/wp\/v2\/media\/13643"}],"wp:attachment":[{"href":"https:\/\/prointer.fr\/wittenheim\/wp-json\/wp\/v2\/media?parent=14610"}],"wp:term":[{"taxonomy":"product_cat","embeddable":true,"href":"https:\/\/prointer.fr\/wittenheim\/wp-json\/wp\/v2\/product_cat?post=14610"},{"taxonomy":"product_tag","embeddable":true,"href":"https:\/\/prointer.fr\/wittenheim\/wp-json\/wp\/v2\/product_tag?post=14610"}],"curies":[{"name":"wp","href":"https:\/\/api.w.org\/{rel}","templated":true}]}}