{"id":14649,"date":"2025-11-25T16:09:57","date_gmt":"2025-11-25T16:09:57","guid":{"rendered":"https:\/\/viande-halal.fr\/wittenheim\/?post_type=product&#038;p=14649"},"modified":"2025-11-25T16:10:00","modified_gmt":"2025-11-25T16:10:00","slug":"raibi-grenade-luxlait-1l","status":"publish","type":"product","link":"https:\/\/prointer.fr\/wittenheim\/produit\/raibi-grenade-luxlait-1l\/","title":{"rendered":"RAIBI GRENADE LUXLAIT &#8211; 1L"},"content":{"rendered":"<p>D\u00e9couvrez le RAIBI GRENADE LUXLAIT &#8211; 1L de la marque LUXLAIT, un d\u00e9licieux lait \u00e0 la grenade qui ravira vos papilles. Cette boisson rafra\u00eechissante et savoureuse est id\u00e9ale pour accompagner vos repas ou pour vous d\u00e9salt\u00e9rer \u00e0 tout moment de la journ\u00e9e. nnLe RAIBI GRENADE LUXLAIT &#8211; 1L est fabriqu\u00e9 \u00e0 partir de lait frais de qualit\u00e9, associ\u00e9 \u00e0 un d\u00e9licat ar\u00f4me de grenade pour un go\u00fbt unique et exotique. Sa texture onctueuse et son parfum envo\u00fbtant en font un produit incontournable pour les amateurs de boissons gourmandes et originales.nnCe produit est parfait pour toute la famille, petits et grands, et peut \u00eatre consomm\u00e9 au petit-d\u00e9jeuner, en dessert ou en collation. Sa bouteille d&rsquo;1L vous permet de profiter de ce d\u00e9lice \u00e0 tout moment, que ce soit \u00e0 la maison, au bureau ou en d\u00e9placement.nnOptez pour le RAIBI GRENADE LUXLAIT &#8211; 1L pour un moment de plaisir et de fra\u00eecheur incomparable. Offrez-vous une pause gourmande avec ce produit de qualit\u00e9 de la cat\u00e9gorie Lait, fromage et oeuf. Retrouvez-le d\u00e8s maintenant dans notre supermarch\u00e9 physique et laissez-vous s\u00e9duire par son go\u00fbt irr\u00e9sistible.<\/p>\n","protected":false},"excerpt":{"rendered":"<p>D\u00e9couvrez le d\u00e9licieux lait RAIBI GRENADE de la marque LUXLAIT. Un produit de qualit\u00e9 en format 1L, id\u00e9al pour un moment de gourmandise et de fra\u00eecheur. Commandez-le d\u00e8s maintenant!<\/p>\n","protected":false},"featured_media":13663,"comment_status":"closed","ping_status":"closed","template":"","meta":{"footnotes":""},"product_cat":[76,92,75],"product_tag":[125],"class_list":{"0":"post-14649","1":"product","2":"type-product","3":"status-publish","4":"has-post-thumbnail","6":"product_brand-luxlait","7":"product_cat-boissons","8":"product_cat-produits-laitiers","9":"product_cat-tous-les-produits","10":"product_tag-luxlait","11":"product_shipping_class-top-produits","13":"first","14":"instock","15":"taxable","16":"shipping-taxable","17":"purchasable","18":"product-type-simple"},"_links":{"self":[{"href":"https:\/\/prointer.fr\/wittenheim\/wp-json\/wp\/v2\/product\/14649","targetHints":{"allow":["GET"]}}],"collection":[{"href":"https:\/\/prointer.fr\/wittenheim\/wp-json\/wp\/v2\/product"}],"about":[{"href":"https:\/\/prointer.fr\/wittenheim\/wp-json\/wp\/v2\/types\/product"}],"replies":[{"embeddable":true,"href":"https:\/\/prointer.fr\/wittenheim\/wp-json\/wp\/v2\/comments?post=14649"}],"version-history":[{"count":1,"href":"https:\/\/prointer.fr\/wittenheim\/wp-json\/wp\/v2\/product\/14649\/revisions"}],"predecessor-version":[{"id":14694,"href":"https:\/\/prointer.fr\/wittenheim\/wp-json\/wp\/v2\/product\/14649\/revisions\/14694"}],"wp:featuredmedia":[{"embeddable":true,"href":"https:\/\/prointer.fr\/wittenheim\/wp-json\/wp\/v2\/media\/13663"}],"wp:attachment":[{"href":"https:\/\/prointer.fr\/wittenheim\/wp-json\/wp\/v2\/media?parent=14649"}],"wp:term":[{"taxonomy":"product_cat","embeddable":true,"href":"https:\/\/prointer.fr\/wittenheim\/wp-json\/wp\/v2\/product_cat?post=14649"},{"taxonomy":"product_tag","embeddable":true,"href":"https:\/\/prointer.fr\/wittenheim\/wp-json\/wp\/v2\/product_tag?post=14649"}],"curies":[{"name":"wp","href":"https:\/\/api.w.org\/{rel}","templated":true}]}}