{"id":14661,"date":"2025-11-25T16:09:58","date_gmt":"2025-11-25T16:09:58","guid":{"rendered":"https:\/\/viande-halal.fr\/wittenheim\/?post_type=product&#038;p=14661"},"modified":"2025-11-25T16:10:00","modified_gmt":"2025-11-25T16:10:00","slug":"camlica-orange-ulker-20cl-verre","status":"publish","type":"product","link":"https:\/\/prointer.fr\/wittenheim\/produit\/camlica-orange-ulker-20cl-verre\/","title":{"rendered":"CAMLICA ORANGE ULKER &#8211; 20CL VERRE"},"content":{"rendered":"<p>D\u00e9couvrez le d\u00e9licieux jus d&rsquo;orange Camlica Orange Ulker, un incontournable de la marque Ulker. Ce jus de 20cl est pr\u00e9sent\u00e9 dans un verre pratique et facile \u00e0 transporter. Savourez le go\u00fbt authentique de l&rsquo;orange fra\u00eechement press\u00e9e, sans conservateurs ni colorants ajout\u00e9s. Parfait pour une pause rafra\u00eechissante \u00e0 tout moment de la journ\u00e9e.nnLe jus d&rsquo;orange Camlica Orange Ulker est id\u00e9al pour accompagner vos repas ou simplement pour vous d\u00e9salt\u00e9rer. Sa composition naturelle et sa saveur intense en font une boisson appr\u00e9ci\u00e9e de tous. De plus, ce jus est une source naturelle de vitamine C, essentielle pour renforcer votre syst\u00e8me immunitaire.nnAjoutez d\u00e8s maintenant le jus d&rsquo;orange Camlica Orange Ulker \u00e0 votre panier lors de votre prochaine visite en magasin. Profitez de son go\u00fbt d\u00e9licieux et de ses bienfaits pour votre sant\u00e9. Offrez-vous un moment de plaisir et de fra\u00eecheur avec ce produit de qualit\u00e9 de la cat\u00e9gorie Boissons, propos\u00e9 par Ulker, une marque de renomm\u00e9e internationale. N&rsquo;attendez plus pour vous faire plaisir avec ce d\u00e9licieux jus d&rsquo;orange Ulker !<\/p>\n","protected":false},"excerpt":{"rendered":"<p>D\u00e9couvrez le d\u00e9licieux jus d&rsquo;orange Camlica Orange Ulker de 20cl. Savourez la fra\u00eecheur et la qualit\u00e9 de ce produit de la marque Ulker. Parfait pour une pause rafra\u00eechissante \u00e0 tout moment.<\/p>\n","protected":false},"featured_media":13669,"comment_status":"closed","ping_status":"closed","template":"","meta":{"footnotes":""},"product_cat":[76,75],"product_tag":[106],"class_list":{"0":"post-14661","1":"product","2":"type-product","3":"status-publish","4":"has-post-thumbnail","6":"product_brand-ulker","7":"product_cat-boissons","8":"product_cat-tous-les-produits","9":"product_tag-ulker","10":"product_shipping_class-top-produits","12":"first","13":"instock","14":"taxable","15":"shipping-taxable","16":"purchasable","17":"product-type-simple"},"_links":{"self":[{"href":"https:\/\/prointer.fr\/wittenheim\/wp-json\/wp\/v2\/product\/14661","targetHints":{"allow":["GET"]}}],"collection":[{"href":"https:\/\/prointer.fr\/wittenheim\/wp-json\/wp\/v2\/product"}],"about":[{"href":"https:\/\/prointer.fr\/wittenheim\/wp-json\/wp\/v2\/types\/product"}],"replies":[{"embeddable":true,"href":"https:\/\/prointer.fr\/wittenheim\/wp-json\/wp\/v2\/comments?post=14661"}],"version-history":[{"count":1,"href":"https:\/\/prointer.fr\/wittenheim\/wp-json\/wp\/v2\/product\/14661\/revisions"}],"predecessor-version":[{"id":14697,"href":"https:\/\/prointer.fr\/wittenheim\/wp-json\/wp\/v2\/product\/14661\/revisions\/14697"}],"wp:featuredmedia":[{"embeddable":true,"href":"https:\/\/prointer.fr\/wittenheim\/wp-json\/wp\/v2\/media\/13669"}],"wp:attachment":[{"href":"https:\/\/prointer.fr\/wittenheim\/wp-json\/wp\/v2\/media?parent=14661"}],"wp:term":[{"taxonomy":"product_cat","embeddable":true,"href":"https:\/\/prointer.fr\/wittenheim\/wp-json\/wp\/v2\/product_cat?post=14661"},{"taxonomy":"product_tag","embeddable":true,"href":"https:\/\/prointer.fr\/wittenheim\/wp-json\/wp\/v2\/product_tag?post=14661"}],"curies":[{"name":"wp","href":"https:\/\/api.w.org\/{rel}","templated":true}]}}