{"id":14671,"date":"2025-11-25T16:09:58","date_gmt":"2025-11-25T16:09:58","guid":{"rendered":"https:\/\/viande-halal.fr\/wittenheim\/?post_type=product&#038;p=14671"},"modified":"2025-11-25T16:10:01","modified_gmt":"2025-11-25T16:10:01","slug":"harissa-le-phare-du-cap-bon-140g","status":"publish","type":"product","link":"https:\/\/prointer.fr\/wittenheim\/produit\/harissa-le-phare-du-cap-bon-140g\/","title":{"rendered":"HARISSA LE PHARE DU CAP BON &#8211; 140G"},"content":{"rendered":"<p>D\u00e9couvrez la Harissa Le Phare du Cap Bon de la marque Cap Bon, un incontournable de votre cuisine orientale. Cette d\u00e9licieuse p\u00e2te de piment rouge, originaire de Tunisie, est un condiment riche en saveurs qui apportera une touche \u00e9pic\u00e9e \u00e0 vos plats. nnFabriqu\u00e9e \u00e0 partir de piments rouges soigneusement s\u00e9lectionn\u00e9s et broy\u00e9s, cette harissa est id\u00e9ale pour relever vos tajines, couscous, grillades et bien d&rsquo;autres plats m\u00e9diterran\u00e9ens. Sa texture onctueuse et sa couleur intense en font un produit de qualit\u00e9, appr\u00e9ci\u00e9 des amateurs de cuisine \u00e9pic\u00e9e.nnLe format de 140g de cette Harissa Le Phare du Cap Bon vous permettra de l&#8217;emporter partout avec vous et de l&rsquo;utiliser selon vos envies. Sa conservation est optimale dans un endroit frais et sec, \u00e0 l&rsquo;abri de la lumi\u00e8re.nnAjoutez une touche de piquant \u00e0 vos pr\u00e9parations culinaires avec la Harissa Le Phare du Cap Bon de la marque Cap Bon, un produit authentique et savoureux qui saura ravir les papilles des amateurs de cuisine m\u00e9diterran\u00e9enne. Retrouvez ce produit d&rsquo;\u00e9picerie sal\u00e9e dans notre supermarch\u00e9 physique et laissez-vous tenter par son go\u00fbt unique et envo\u00fbtant.<\/p>\n","protected":false},"excerpt":{"rendered":"<p>D\u00e9couvrez la Harissa Le Phare du Cap Bon de la marque Cap Bon, un condiment \u00e9pic\u00e9 et savoureux de qualit\u00e9 sup\u00e9rieure. Id\u00e9al pour relever vos plats, ce produit de 140g saura ravir vos papilles.<\/p>\n","protected":false},"featured_media":13700,"comment_status":"closed","ping_status":"closed","template":"","meta":{"footnotes":""},"product_cat":[104,75],"product_tag":[131],"class_list":{"0":"post-14671","1":"product","2":"type-product","3":"status-publish","4":"has-post-thumbnail","6":"product_brand-cap-bon","7":"product_cat-epicerie-salee","8":"product_cat-tous-les-produits","9":"product_tag-cap-bon","10":"product_shipping_class-top-produits","12":"first","13":"instock","14":"taxable","15":"shipping-taxable","16":"purchasable","17":"product-type-simple"},"_links":{"self":[{"href":"https:\/\/prointer.fr\/wittenheim\/wp-json\/wp\/v2\/product\/14671","targetHints":{"allow":["GET"]}}],"collection":[{"href":"https:\/\/prointer.fr\/wittenheim\/wp-json\/wp\/v2\/product"}],"about":[{"href":"https:\/\/prointer.fr\/wittenheim\/wp-json\/wp\/v2\/types\/product"}],"replies":[{"embeddable":true,"href":"https:\/\/prointer.fr\/wittenheim\/wp-json\/wp\/v2\/comments?post=14671"}],"version-history":[{"count":1,"href":"https:\/\/prointer.fr\/wittenheim\/wp-json\/wp\/v2\/product\/14671\/revisions"}],"predecessor-version":[{"id":14704,"href":"https:\/\/prointer.fr\/wittenheim\/wp-json\/wp\/v2\/product\/14671\/revisions\/14704"}],"wp:featuredmedia":[{"embeddable":true,"href":"https:\/\/prointer.fr\/wittenheim\/wp-json\/wp\/v2\/media\/13700"}],"wp:attachment":[{"href":"https:\/\/prointer.fr\/wittenheim\/wp-json\/wp\/v2\/media?parent=14671"}],"wp:term":[{"taxonomy":"product_cat","embeddable":true,"href":"https:\/\/prointer.fr\/wittenheim\/wp-json\/wp\/v2\/product_cat?post=14671"},{"taxonomy":"product_tag","embeddable":true,"href":"https:\/\/prointer.fr\/wittenheim\/wp-json\/wp\/v2\/product_tag?post=14671"}],"curies":[{"name":"wp","href":"https:\/\/api.w.org\/{rel}","templated":true}]}}