{"id":14683,"date":"2025-11-25T16:09:58","date_gmt":"2025-11-25T16:09:58","guid":{"rendered":"https:\/\/viande-halal.fr\/wittenheim\/?post_type=product&#038;p=14683"},"modified":"2025-11-25T16:10:03","modified_gmt":"2025-11-25T16:10:03","slug":"tournesol-noires-grillees-peu-salee","status":"publish","type":"product","link":"https:\/\/prointer.fr\/wittenheim\/produit\/tournesol-noires-grillees-peu-salee\/","title":{"rendered":"TOURNESOL NOIRES GRILLEES\/PEU SALEE"},"content":{"rendered":"<p>D\u00e9couvrez les d\u00e9licieuses graines de tournesol noires grill\u00e9es et peu sal\u00e9es de notre marque maison. Id\u00e9ales pour accompagner vos ap\u00e9ritifs ou agr\u00e9menter vos salades, ces graines de tournesol sont riches en nutriments essentiels pour votre sant\u00e9. nnLes tournesol noires grill\u00e9es et peu sal\u00e9es sont une excellente source de prot\u00e9ines, de fibres et d&rsquo;acides gras essentiels. Elles sont \u00e9galement riches en antioxydants, ce qui en fait un encas sain et savoureux pour toute la famille. nnNos graines de tournesol sont soigneusement s\u00e9lectionn\u00e9es pour leur qualit\u00e9 et leur go\u00fbt incomparable. Gr\u00e2ce \u00e0 leur faible teneur en sel, elles conviennent parfaitement \u00e0 une alimentation \u00e9quilibr\u00e9e. nnFaciles \u00e0 emporter partout avec vous, les tournesol noires grill\u00e9es et peu sal\u00e9es sont l&rsquo;encas parfait pour une pause gourmande et \u00e9nergisante. Ajoutez-les \u00e0 vos plats pr\u00e9f\u00e9r\u00e9s pour une touche de croquant et de saveur, ou d\u00e9gustez-les telles quelles pour un en-cas rapide et d\u00e9licieux. nnNe manquez pas l&rsquo;occasion de go\u00fbter \u00e0 nos d\u00e9licieuses graines de tournesol noires grill\u00e9es et peu sal\u00e9es, disponibles en exclusivit\u00e9 dans notre rayon \u00e9picerie sal\u00e9e. Faites-vous plaisir et profitez des bienfaits de ces petites graines gourmandes pour votre sant\u00e9 !<\/p>\n","protected":false},"excerpt":{"rendered":"<p>D\u00e9couvrez les d\u00e9licieuses graines de tournesol noires grill\u00e9es et peu sal\u00e9es de [nom de la marque]. Un en-cas sain et croquant, riche en nutriments et parfait pour combler vos petites faims.<\/p>\n","protected":false},"featured_media":13720,"comment_status":"closed","ping_status":"closed","template":"","meta":{"footnotes":""},"product_cat":[104,75],"product_tag":[],"class_list":{"0":"post-14683","1":"product","2":"type-product","3":"status-publish","4":"has-post-thumbnail","6":"product_cat-epicerie-salee","7":"product_cat-tous-les-produits","8":"product_shipping_class-top-produits","10":"first","11":"instock","12":"taxable","13":"shipping-taxable","14":"purchasable","15":"product-type-simple"},"_links":{"self":[{"href":"https:\/\/prointer.fr\/wittenheim\/wp-json\/wp\/v2\/product\/14683","targetHints":{"allow":["GET"]}}],"collection":[{"href":"https:\/\/prointer.fr\/wittenheim\/wp-json\/wp\/v2\/product"}],"about":[{"href":"https:\/\/prointer.fr\/wittenheim\/wp-json\/wp\/v2\/types\/product"}],"replies":[{"embeddable":true,"href":"https:\/\/prointer.fr\/wittenheim\/wp-json\/wp\/v2\/comments?post=14683"}],"version-history":[{"count":1,"href":"https:\/\/prointer.fr\/wittenheim\/wp-json\/wp\/v2\/product\/14683\/revisions"}],"predecessor-version":[{"id":14714,"href":"https:\/\/prointer.fr\/wittenheim\/wp-json\/wp\/v2\/product\/14683\/revisions\/14714"}],"wp:featuredmedia":[{"embeddable":true,"href":"https:\/\/prointer.fr\/wittenheim\/wp-json\/wp\/v2\/media\/13720"}],"wp:attachment":[{"href":"https:\/\/prointer.fr\/wittenheim\/wp-json\/wp\/v2\/media?parent=14683"}],"wp:term":[{"taxonomy":"product_cat","embeddable":true,"href":"https:\/\/prointer.fr\/wittenheim\/wp-json\/wp\/v2\/product_cat?post=14683"},{"taxonomy":"product_tag","embeddable":true,"href":"https:\/\/prointer.fr\/wittenheim\/wp-json\/wp\/v2\/product_tag?post=14683"}],"curies":[{"name":"wp","href":"https:\/\/api.w.org\/{rel}","templated":true}]}}