{"id":14745,"date":"2025-11-25T16:10:05","date_gmt":"2025-11-25T16:10:05","guid":{"rendered":"https:\/\/viande-halal.fr\/wittenheim\/?post_type=product&#038;p=14745"},"modified":"2025-11-25T16:10:14","modified_gmt":"2025-11-25T16:10:14","slug":"tournesol-dakota-nature-sans-sel-ke","status":"publish","type":"product","link":"https:\/\/prointer.fr\/wittenheim\/produit\/tournesol-dakota-nature-sans-sel-ke\/","title":{"rendered":"TOURNESOL DAKOTA NATURE SANS SEL KE"},"content":{"rendered":"<p>Le TOURNESOL DAKOTA NATURE SANS SEL KE de la marque KEREM est un incontournable de votre \u00e9picerie sal\u00e9e. Ces d\u00e9licieuses graines de tournesol, issues de l&rsquo;agriculture biologique, sont parfaites pour agr\u00e9menter vos salades, vos plats ou tout simplement \u00e0 grignoter en en-cas sain. nnRiches en nutriments essentiels tels que les acides gras insatur\u00e9s, les prot\u00e9ines et les fibres, les graines de tournesol sont reconnues pour leurs nombreux bienfaits pour la sant\u00e9. De plus, la version sans sel ajout\u00e9 de ces graines vous permet de contr\u00f4ler votre consommation de sodium tout en savourant leur d\u00e9licieuse saveur naturelle.nnLe TOURNESOL DAKOTA NATURE SANS SEL KE est conditionn\u00e9 dans un emballage pratique qui pr\u00e9serve toute la fra\u00eecheur et la qualit\u00e9 des graines. Ajoutez-les \u00e0 vos recettes pr\u00e9f\u00e9r\u00e9es pour apporter une touche de croquant et de saveur \u00e0 vos plats. nnNe tardez plus \u00e0 d\u00e9couvrir ce produit de qualit\u00e9 sur les rayons de votre supermarch\u00e9 pr\u00e9f\u00e9r\u00e9. Offrez-vous le meilleur en optant pour les graines de tournesol KEREM, pour une alimentation saine et gourmande au quotidien.<\/p>\n","protected":false},"excerpt":{"rendered":"<p>TOURNESOL DAKOTA NATURE SANS SEL KE de la marque KEREM offre des graines de tournesol savoureuses et saines, id\u00e9ales pour une alimentation \u00e9quilibr\u00e9e. D\u00e9couvrez ce produit de qualit\u00e9 sup\u00e9rieure d\u00e8s maintenant.<\/p>\n","protected":false},"featured_media":14784,"comment_status":"closed","ping_status":"closed","template":"","meta":{"footnotes":""},"product_cat":[104,75],"product_tag":[144],"class_list":{"0":"post-14745","1":"product","2":"type-product","3":"status-publish","4":"has-post-thumbnail","6":"product_brand-kerem","7":"product_cat-epicerie-salee","8":"product_cat-tous-les-produits","9":"product_tag-kerem","10":"product_shipping_class-top-produits","12":"first","13":"instock","14":"taxable","15":"shipping-taxable","16":"purchasable","17":"product-type-simple"},"_links":{"self":[{"href":"https:\/\/prointer.fr\/wittenheim\/wp-json\/wp\/v2\/product\/14745","targetHints":{"allow":["GET"]}}],"collection":[{"href":"https:\/\/prointer.fr\/wittenheim\/wp-json\/wp\/v2\/product"}],"about":[{"href":"https:\/\/prointer.fr\/wittenheim\/wp-json\/wp\/v2\/types\/product"}],"replies":[{"embeddable":true,"href":"https:\/\/prointer.fr\/wittenheim\/wp-json\/wp\/v2\/comments?post=14745"}],"version-history":[{"count":1,"href":"https:\/\/prointer.fr\/wittenheim\/wp-json\/wp\/v2\/product\/14745\/revisions"}],"predecessor-version":[{"id":14785,"href":"https:\/\/prointer.fr\/wittenheim\/wp-json\/wp\/v2\/product\/14745\/revisions\/14785"}],"wp:featuredmedia":[{"embeddable":true,"href":"https:\/\/prointer.fr\/wittenheim\/wp-json\/wp\/v2\/media\/14784"}],"wp:attachment":[{"href":"https:\/\/prointer.fr\/wittenheim\/wp-json\/wp\/v2\/media?parent=14745"}],"wp:term":[{"taxonomy":"product_cat","embeddable":true,"href":"https:\/\/prointer.fr\/wittenheim\/wp-json\/wp\/v2\/product_cat?post=14745"},{"taxonomy":"product_tag","embeddable":true,"href":"https:\/\/prointer.fr\/wittenheim\/wp-json\/wp\/v2\/product_tag?post=14745"}],"curies":[{"name":"wp","href":"https:\/\/api.w.org\/{rel}","templated":true}]}}