{"id":14809,"date":"2025-11-25T16:10:19","date_gmt":"2025-11-25T16:10:19","guid":{"rendered":"https:\/\/viande-halal.fr\/wittenheim\/?post_type=product&#038;p=14809"},"modified":"2025-11-25T16:11:19","modified_gmt":"2025-11-25T16:11:19","slug":"pastirma-boeuf-seche-bahar-egeturk-125g","status":"publish","type":"product","link":"https:\/\/prointer.fr\/wittenheim\/produit\/pastirma-boeuf-seche-bahar-egeturk-125g\/","title":{"rendered":"PASTIRMA BOEUF SECHE BAHAR EGETURK &#8211; 125G"},"content":{"rendered":"<h3 data-start=\"184\" data-end=\"581\">PASTIRMA BOEUF SECHE BAHAR EGETURK &#8211; 125G<\/h3>\n<p data-start=\"184\" data-end=\"581\">D\u00e9couvrez le <strong data-start=\"197\" data-end=\"241\"><a href=\"https:\/\/viande-halal.fr\/categorie-produit\/tous-les-produits\/rayon-charcuterie\/\" target=\"_blank\" rel=\"noopener\">PASTIRMA<\/a> BOEUF S\u00c9CH\u00c9 BAHAR <a href=\"https:\/\/www.egetuerk.de\" target=\"_blank\" rel=\"noopener\">EGETURK<\/a> &#8211; 125G<\/strong>, une v\u00e9ritable sp\u00e9cialit\u00e9 turque sign\u00e9e <strong data-start=\"282\" data-end=\"293\">EGETURK<\/strong>, marque reconnue pour son savoir-faire artisanal et la qualit\u00e9 de sa charcuterie halal. Ce produit d\u2019exception est \u00e9labor\u00e9 \u00e0 partir de <strong data-start=\"429\" data-end=\"474\">viande de b\u0153uf soigneusement s\u00e9lectionn\u00e9e<\/strong>, s\u00e9ch\u00e9e lentement et enrob\u00e9e d\u2019un m\u00e9lange d\u2019\u00e9pices parfum\u00e9es, pour un go\u00fbt riche, intense et inimitable.<\/p>\n<p data-start=\"583\" data-end=\"1038\">Le <strong data-start=\"586\" data-end=\"598\">pastirma boeuf s\u00e9ch\u00e9<\/strong>, aussi appel\u00e9 jambon de b\u0153uf s\u00e9ch\u00e9, est une charcuterie traditionnelle tr\u00e8s pris\u00e9e au Moyen-Orient et dans les Balkans. Son secret r\u00e9side dans son proc\u00e9d\u00e9 de fabrication ancestral : la viande est d\u2019abord sal\u00e9e, puis press\u00e9e et s\u00e9ch\u00e9e avant d\u2019\u00eatre recouverte d\u2019un m\u00e9lange d\u2019\u00e9pices appel\u00e9 <strong data-start=\"886\" data-end=\"895\">\u00e7emen<\/strong>, compos\u00e9 de fenugrec, d\u2019ail et de paprika. Ce rev\u00eatement naturel lui conf\u00e8re sa couleur caract\u00e9ristique et son ar\u00f4me profond\u00e9ment savoureux.<\/p>\n<p data-start=\"1040\" data-end=\"1331\">Le r\u00e9sultat ? Une viande tendre, au go\u00fbt puissant, l\u00e9g\u00e8rement relev\u00e9 et parfaitement \u00e9quilibr\u00e9. Le <strong data-start=\"1139\" data-end=\"1165\">Pastirma boeuf s\u00e9ch\u00e9 Bahar EGETURK<\/strong> se d\u00e9guste aussi bien en fines tranches \u00e0 l\u2019ap\u00e9ritif qu\u2019en ingr\u00e9dient raffin\u00e9 dans vos plats. Il sublime vos <strong data-start=\"1275\" data-end=\"1328\">\u0153ufs brouill\u00e9s, pizzas, p\u00e2tes, sandwichs ou mezze<\/strong>.<\/p>\n<p data-start=\"1333\" data-end=\"1591\">Gr\u00e2ce \u00e0 son <strong data-start=\"1345\" data-end=\"1372\">format pratique de 125g<\/strong>, ce produit est parfait pour une consommation individuelle ou en famille. Il allie <strong data-start=\"1456\" data-end=\"1494\">authenticit\u00e9, qualit\u00e9 et praticit\u00e9<\/strong>, et permet de savourer un morceau de la tradition culinaire turque sans quitter votre cuisine.<\/p>\n<p data-start=\"1593\" data-end=\"1964\">Chez <strong data-start=\"1598\" data-end=\"1609\">EGETURK<\/strong>, la qualit\u00e9 est une priorit\u00e9 : chaque produit est fabriqu\u00e9 selon les <strong data-start=\"1679\" data-end=\"1736\">plus hauts standards de l\u2019industrie alimentaire halal<\/strong>, dans le respect des recettes traditionnelles. Le <strong data-start=\"1787\" data-end=\"1805\">Pastirma Boeuf S\u00e9ch\u00e9 Bahar<\/strong> refl\u00e8te tout le savoir-faire de la marque, qui a su pr\u00e9server la richesse de la gastronomie turque tout en garantissant une s\u00e9curit\u00e9 alimentaire exemplaire.<\/p>\n<p data-start=\"1966\" data-end=\"2271\">Offrez-vous une exp\u00e9rience gustative unique avec le <strong data-start=\"2018\" data-end=\"2055\">PASTIRMA BOEUF S\u00c9CH\u00c9 BAHAR EGETURK<\/strong>, et laissez-vous s\u00e9duire par ses saveurs authentiques, son parfum envo\u00fbtant et sa texture fondante. Un produit d\u2019exception \u00e0 partager lors de moments conviviaux ou \u00e0 int\u00e9grer dans vos recettes les plus gourmandes.<\/p>\n","protected":false},"excerpt":{"rendered":"<p data-start=\"2322\" data-end=\"2577\">Savourez le <strong data-start=\"2334\" data-end=\"2378\">PASTIRMA BOEUF S\u00c9CH\u00c9 BAHAR EGETURK &#8211; 125G<\/strong>, une sp\u00e9cialit\u00e9 turque authentique \u00e0 base de <strong data-start=\"2424\" data-end=\"2459\">viande de b\u0153uf s\u00e9ch\u00e9e et \u00e9pic\u00e9e<\/strong>. Pr\u00e9par\u00e9 selon une recette traditionnelle, ce jambon de b\u0153uf halal s\u00e9duit par son go\u00fbt relev\u00e9 et sa texture tendre.<\/p>\n<p data-start=\"2579\" data-end=\"2915\">Recouvert d\u2019un m\u00e9lange d\u2019\u00e9pices appel\u00e9 <strong data-start=\"2618\" data-end=\"2627\">\u00e7emen<\/strong>, compos\u00e9 notamment de fenugrec, d\u2019ail et de paprika, il offre un ar\u00f4me intense et une saveur unique. Parfait \u00e0 d\u00e9guster en tranches fines lors de vos ap\u00e9ritifs, dans un sandwich ou pour agr\u00e9menter vos plats chauds, le Pastirma EGETURK apportera une touche d\u2019authenticit\u00e9 \u00e0 votre table.<\/p>\n<p data-start=\"2917\" data-end=\"3170\">Gr\u00e2ce \u00e0 son <strong data-start=\"2929\" data-end=\"2956\">format pratique de 125g<\/strong>, il s\u2019adapte aussi bien \u00e0 un usage quotidien qu\u2019\u00e0 des moments de partage. Le savoir-faire d\u2019EGETURK garantit un produit de <strong data-start=\"3080\" data-end=\"3097\">haute qualit\u00e9<\/strong>, respectueux des traditions culinaires turques et des exigences halal.<\/p>\n<p data-start=\"3172\" data-end=\"3273\">Un d\u00e9lice \u00e0 d\u00e9couvrir absolument pour les amateurs de charcuterie raffin\u00e9e et de cuisine orientale.<\/p>\n","protected":false},"featured_media":14096,"comment_status":"closed","ping_status":"closed","template":"","meta":{"footnotes":""},"product_cat":[314,638,75],"product_tag":[151],"class_list":{"0":"post-14809","1":"product","2":"type-product","3":"status-publish","4":"has-post-thumbnail","6":"product_brand-egeturk","7":"product_cat-produits-frais","8":"product_cat-rayon-charcuterie","9":"product_cat-tous-les-produits","10":"product_tag-egeturk","11":"product_shipping_class-top-produits","13":"first","14":"instock","15":"taxable","16":"shipping-taxable","17":"purchasable","18":"product-type-simple"},"_links":{"self":[{"href":"https:\/\/prointer.fr\/wittenheim\/wp-json\/wp\/v2\/product\/14809","targetHints":{"allow":["GET"]}}],"collection":[{"href":"https:\/\/prointer.fr\/wittenheim\/wp-json\/wp\/v2\/product"}],"about":[{"href":"https:\/\/prointer.fr\/wittenheim\/wp-json\/wp\/v2\/types\/product"}],"replies":[{"embeddable":true,"href":"https:\/\/prointer.fr\/wittenheim\/wp-json\/wp\/v2\/comments?post=14809"}],"version-history":[{"count":1,"href":"https:\/\/prointer.fr\/wittenheim\/wp-json\/wp\/v2\/product\/14809\/revisions"}],"predecessor-version":[{"id":15155,"href":"https:\/\/prointer.fr\/wittenheim\/wp-json\/wp\/v2\/product\/14809\/revisions\/15155"}],"wp:featuredmedia":[{"embeddable":true,"href":"https:\/\/prointer.fr\/wittenheim\/wp-json\/wp\/v2\/media\/14096"}],"wp:attachment":[{"href":"https:\/\/prointer.fr\/wittenheim\/wp-json\/wp\/v2\/media?parent=14809"}],"wp:term":[{"taxonomy":"product_cat","embeddable":true,"href":"https:\/\/prointer.fr\/wittenheim\/wp-json\/wp\/v2\/product_cat?post=14809"},{"taxonomy":"product_tag","embeddable":true,"href":"https:\/\/prointer.fr\/wittenheim\/wp-json\/wp\/v2\/product_tag?post=14809"}],"curies":[{"name":"wp","href":"https:\/\/api.w.org\/{rel}","templated":true}]}}