{"id":14813,"date":"2025-11-25T16:10:20","date_gmt":"2025-11-25T16:10:20","guid":{"rendered":"https:\/\/viande-halal.fr\/wittenheim\/?post_type=product&#038;p=14813"},"modified":"2025-11-25T16:10:30","modified_gmt":"2025-11-25T16:10:30","slug":"salami-boeuf-yore-efepasa-en-tranches-200g","status":"publish","type":"product","link":"https:\/\/prointer.fr\/wittenheim\/produit\/salami-boeuf-yore-efepasa-en-tranches-200g\/","title":{"rendered":"SALAMI BOEUF YORE EFEPASA EN TRANCHES &#8211; 200G"},"content":{"rendered":"<h3 data-start=\"1211\" data-end=\"1642\">SALAMI BOEUF YORE EFEPASA EN TRANCHES &#8211; 200G<\/h3>\n<p data-start=\"1211\" data-end=\"1642\">Le <strong><a href=\"https:\/\/viande-halal.fr\/categorie-produit\/tous-les-produits\/rayon-charcuterie\/\" target=\"_blank\" rel=\"noopener\">SALAMI<\/a> BOEUF YORE <a href=\"https:\/\/www.egetuerk.de\" target=\"_blank\" rel=\"noopener\">EFEPASA<\/a> EN TRANCHES \u2013 200g<\/strong> est une charcuterie de haute qualit\u00e9, con\u00e7ue pour les amateurs de viande savoureuse et halal. Fabriqu\u00e9 par <strong data-start=\"1369\" data-end=\"1380\">EFEPASA<\/strong>, cette r\u00e9f\u00e9rence en charcuterie halal combine <strong data-start=\"1427\" data-end=\"1471\">tradition artisanale et go\u00fbt authentique<\/strong> pour offrir un produit \u00e0 la fois tendre et savoureux. Chaque tranche d\u00e9voile une <strong data-start=\"1553\" data-end=\"1573\">texture fondante<\/strong> et un go\u00fbt intense qui ravira vos papilles et sublimera vos repas.<\/p>\n<p data-start=\"1644\" data-end=\"2073\">Id\u00e9al pour toutes les occasions, le salami b\u0153uf en tranches YORE EFEPASA peut \u00eatre utilis\u00e9 pour vos <strong data-start=\"1744\" data-end=\"1815\">ap\u00e9ritifs, sandwiches, salades compos\u00e9es ou plateaux de charcuterie<\/strong>. Sa praticit\u00e9 permet de le d\u00e9guster facilement, sans pr\u00e9paration complexe, tout en offrant une <strong data-start=\"1911\" data-end=\"1959\">exp\u00e9rience gustative raffin\u00e9e et authentique<\/strong>. Son format de 200g est id\u00e9al pour les repas en famille, les pique-niques ou les moments de partage entre amis.<\/p>\n<p data-start=\"2075\" data-end=\"2388\">En plus de son go\u00fbt unique, ce salami est \u00e9galement une <strong data-start=\"2131\" data-end=\"2164\">source de prot\u00e9ines et de fer<\/strong>, contribuant \u00e0 une alimentation \u00e9quilibr\u00e9e et saine. La viande utilis\u00e9e est <strong data-start=\"2241\" data-end=\"2255\">100% halal<\/strong>, pr\u00e9par\u00e9e selon les normes strictes garantissant le respect des traditions alimentaires, pour une consommation en toute confiance.<\/p>\n<p data-start=\"2390\" data-end=\"2715\">Le salami b\u0153uf YORE EFEPASA est \u00e9labor\u00e9 \u00e0 partir d\u2019ingr\u00e9dients soigneusement s\u00e9lectionn\u00e9s et d\u2019un <strong data-start=\"2488\" data-end=\"2514\">savoir-faire artisanal<\/strong> reconnu. Chaque tranche offre une <strong data-start=\"2549\" data-end=\"2581\">texture homog\u00e8ne et fondante<\/strong>, qui s\u2019accorde parfaitement avec divers accompagnements comme les fromages, l\u00e9gumes frais, pains vari\u00e9s ou m\u00eame les plats cuisin\u00e9s.<\/p>\n<p data-start=\"2717\" data-end=\"2992\">Avec le <strong>SALAMI BOEUF YORE EFEPASA EN TRANCHES \u2013 200g<\/strong>, vous alliez <strong data-start=\"2786\" data-end=\"2821\">authenticit\u00e9, go\u00fbt et praticit\u00e9<\/strong> dans votre cuisine. Que ce soit pour un repas quotidien, un ap\u00e9ritif improvis\u00e9 ou un moment festif, ce salami halal deviendra rapidement un incontournable de vos repas.<\/p>\n<blockquote>\n<p data-start=\"2994\" data-end=\"3104\"><strong data-start=\"2994\" data-end=\"3102\">Disponible dans vos magasins Pro-Inter Groupe Centerkam dans le Grand Est et le Territoire de Belfort.<\/strong><\/p>\n<\/blockquote>\n","protected":false},"excerpt":{"rendered":"<p data-start=\"251\" data-end=\"567\">D\u00e9couvrez le <strong>SALAMI BOEUF YORE EFEPASA EN TRANCHES \u2013 200g<\/strong>, une charcuterie <strong data-start=\"329\" data-end=\"338\">halal<\/strong> savoureuse et de qualit\u00e9 sup\u00e9rieure, id\u00e9ale pour vos repas et moments conviviaux. Fabriqu\u00e9 par la marque <strong data-start=\"444\" data-end=\"455\">EFEPASA<\/strong>, ce salami allie <strong data-start=\"473\" data-end=\"509\">go\u00fbt intense et texture fondante<\/strong>, pour une exp\u00e9rience gustative unique \u00e0 chaque bouch\u00e9e.<\/p>\n<p data-start=\"569\" data-end=\"829\">Pratique et polyvalent, ce salami se consomme en tranches fines, parfait pour vos <strong data-start=\"651\" data-end=\"709\">plateaux de fromages, sandwiches, salades ou ap\u00e9ritifs<\/strong>. Son format de <strong data-start=\"725\" data-end=\"733\">200g<\/strong> le rend id\u00e9al pour partager entre amis, en famille ou pour une collation rapide et gourmande.<\/p>\n<p data-start=\"831\" data-end=\"1150\">Gr\u00e2ce \u00e0 sa <strong data-start=\"842\" data-end=\"900\">fabrication artisanale et \u00e0 ses ingr\u00e9dients de qualit\u00e9<\/strong>, ce salami b\u0153uf Yore halal EFEPASA garantit un produit authentique, tendre et fondant en bouche, tout en respectant les normes alimentaires halal. Il constitue un choix parfait pour combiner <strong data-start=\"1087\" data-end=\"1147\">saveur, praticit\u00e9 et respect des traditions alimentaires<\/strong>.<\/p>\n","protected":false},"featured_media":14867,"comment_status":"closed","ping_status":"closed","template":"","meta":{"footnotes":""},"product_cat":[314,638,75],"product_tag":[101],"class_list":{"0":"post-14813","1":"product","2":"type-product","3":"status-publish","4":"has-post-thumbnail","6":"product_brand-efepasa","7":"product_cat-produits-frais","8":"product_cat-rayon-charcuterie","9":"product_cat-tous-les-produits","10":"product_tag-efepasa","11":"product_shipping_class-top-produits","13":"first","14":"instock","15":"taxable","16":"shipping-taxable","17":"purchasable","18":"product-type-simple"},"_links":{"self":[{"href":"https:\/\/prointer.fr\/wittenheim\/wp-json\/wp\/v2\/product\/14813","targetHints":{"allow":["GET"]}}],"collection":[{"href":"https:\/\/prointer.fr\/wittenheim\/wp-json\/wp\/v2\/product"}],"about":[{"href":"https:\/\/prointer.fr\/wittenheim\/wp-json\/wp\/v2\/types\/product"}],"replies":[{"embeddable":true,"href":"https:\/\/prointer.fr\/wittenheim\/wp-json\/wp\/v2\/comments?post=14813"}],"version-history":[{"count":1,"href":"https:\/\/prointer.fr\/wittenheim\/wp-json\/wp\/v2\/product\/14813\/revisions"}],"predecessor-version":[{"id":14868,"href":"https:\/\/prointer.fr\/wittenheim\/wp-json\/wp\/v2\/product\/14813\/revisions\/14868"}],"wp:featuredmedia":[{"embeddable":true,"href":"https:\/\/prointer.fr\/wittenheim\/wp-json\/wp\/v2\/media\/14867"}],"wp:attachment":[{"href":"https:\/\/prointer.fr\/wittenheim\/wp-json\/wp\/v2\/media?parent=14813"}],"wp:term":[{"taxonomy":"product_cat","embeddable":true,"href":"https:\/\/prointer.fr\/wittenheim\/wp-json\/wp\/v2\/product_cat?post=14813"},{"taxonomy":"product_tag","embeddable":true,"href":"https:\/\/prointer.fr\/wittenheim\/wp-json\/wp\/v2\/product_tag?post=14813"}],"curies":[{"name":"wp","href":"https:\/\/api.w.org\/{rel}","templated":true}]}}