{"id":14829,"date":"2025-11-25T16:10:20","date_gmt":"2025-11-25T16:10:20","guid":{"rendered":"https:\/\/viande-halal.fr\/wittenheim\/?post_type=product&#038;p=14829"},"modified":"2025-11-25T16:10:33","modified_gmt":"2025-11-25T16:10:33","slug":"delice-de-poulet-nature-4-tranches-isla-delice-120g","status":"publish","type":"product","link":"https:\/\/prointer.fr\/wittenheim\/produit\/delice-de-poulet-nature-4-tranches-isla-delice-120g\/","title":{"rendered":"DELICE DE POULET NATURE 4 TRANCHES ISLA DELICE &#8211; 120G"},"content":{"rendered":"<h3 data-start=\"1469\" data-end=\"1963\">DELICE DE POULET NATURE 4 TRANCHES ISLA DELICE &#8211; 120G<\/h3>\n<p data-start=\"1469\" data-end=\"1963\">Le <strong data-start=\"1472\" data-end=\"1529\"><a href=\"https:\/\/viande-halal.fr\/categorie-produit\/tous-les-produits\/rayon-charcuterie\/\" target=\"_blank\" rel=\"noopener\">D\u00e9lice<\/a> de Poulet Nature 4 Tranches Isla Delice \u2013 120G<\/strong> est une charcuterie de choix pour tous les amateurs de poulet halal et de produits de qualit\u00e9 sup\u00e9rieure. Chaque tranche est soigneusement pr\u00e9par\u00e9e pour offrir une <strong data-start=\"1694\" data-end=\"1731\">texture tendre et un go\u00fbt naturel<\/strong>, parfait pour \u00eatre d\u00e9gust\u00e9e telle quelle ou incorpor\u00e9e dans diverses recettes. Que ce soit pour un <strong data-start=\"1831\" data-end=\"1895\">sandwich maison, une salade gourmande ou un plateau ap\u00e9ritif<\/strong>, ces tranches de poulet halal sont un ajout id\u00e9al pour vos repas.<\/p>\n<p data-start=\"1965\" data-end=\"2326\">Fabriqu\u00e9es par la marque <a href=\"https:\/\/www.isladelice.com\/fr\/\" target=\"_blank\" rel=\"noopener\"><strong data-start=\"1990\" data-end=\"2005\">Isla Delice<\/strong><\/a>, reconnue pour son savoir-faire en charcuterie halal, ces tranches de poulet sont produites \u00e0 partir d\u2019ingr\u00e9dients rigoureusement s\u00e9lectionn\u00e9s, garantissant <strong data-start=\"2163\" data-end=\"2201\">authenticit\u00e9, fra\u00eecheur et qualit\u00e9<\/strong>. Riches en prot\u00e9ines, elles contribuent \u00e0 une alimentation \u00e9quilibr\u00e9e, tout en apportant un plaisir gustatif incomparable.<\/p>\n<p data-start=\"2328\" data-end=\"2629\">Le format pratique de 4 tranches facilite leur utilisation au quotidien, que ce soit pour des <strong data-start=\"2422\" data-end=\"2484\">d\u00e9jeuners rapides, des pique-niques ou des recettes maison<\/strong>. Elles se conservent ais\u00e9ment et restent savoureuses jusqu\u2019\u00e0 l\u2019ouverture de l\u2019emballage, offrant un produit fiable et pratique pour vos repas.<\/p>\n<p data-start=\"2631\" data-end=\"2953\">Ces tranches de poulet halal peuvent \u00e9galement \u00eatre int\u00e9gr\u00e9es \u00e0 des <strong data-start=\"2699\" data-end=\"2725\">plats chauds ou froids<\/strong>, telles que les p\u00e2tes, quiches, wraps ou plats orientaux, permettant une grande polyvalence en cuisine. Leur go\u00fbt d\u00e9licat et naturel s\u2019associe facilement \u00e0 toutes vos pr\u00e9parations, pour des recettes \u00e9quilibr\u00e9es et gourmandes.<\/p>\n<p data-start=\"2955\" data-end=\"3320\">En choisissant le <strong data-start=\"2973\" data-end=\"3012\">D\u00e9lice de Poulet Nature Isla Delice<\/strong>, vous optez pour un produit <strong data-start=\"3041\" data-end=\"3073\">halal, pratique et savoureux<\/strong>, adapt\u00e9 aux familles, aux \u00e9tudiants ou \u00e0 toute personne soucieuse de la qualit\u00e9 et du go\u00fbt. Faites confiance \u00e0 la marque Isla Delice pour enrichir vos repas avec une charcuterie de qualit\u00e9 sup\u00e9rieure, simple \u00e0 pr\u00e9parer et d\u00e9licieuse \u00e0 d\u00e9guster.<\/p>\n<blockquote>\n<p data-start=\"3322\" data-end=\"3432\"><strong data-start=\"3322\" data-end=\"3430\">Disponible dans vos magasins Pro-Inter Groupe Centerkam dans le Grand Est et le Territoire de Belfort.<\/strong><\/p>\n<\/blockquote>\n","protected":false},"excerpt":{"rendered":"<p data-start=\"313\" data-end=\"613\">D\u00e9couvrez le <strong data-start=\"326\" data-end=\"383\">D\u00e9lice de Poulet Nature 4 Tranches Isla Delice \u2013 120G<\/strong>, une charcuterie <strong data-start=\"401\" data-end=\"415\">100% halal<\/strong> savoureuse et pratique pour tous vos repas. Ces tranches de poulet tendre et d\u00e9licatement assaisonn\u00e9es sont id\u00e9ales pour agr\u00e9menter <strong data-start=\"548\" data-end=\"610\">sandwichs, salades, plateaux ap\u00e9ritifs ou recettes rapides<\/strong>.<\/p>\n<p data-start=\"615\" data-end=\"968\">Fabriqu\u00e9es avec des ingr\u00e9dients s\u00e9lectionn\u00e9s avec soin, ces tranches de poulet offrent une <strong data-start=\"706\" data-end=\"749\">texture fondante et un go\u00fbt authentique<\/strong>, fid\u00e8le au savoir-faire de la marque <strong data-start=\"787\" data-end=\"802\">Isla Delice<\/strong>, reconnue pour la qualit\u00e9 de ses produits. Riches en prot\u00e9ines et faibles en mati\u00e8res grasses, elles constituent une option saine pour une alimentation \u00e9quilibr\u00e9e.<\/p>\n<p data-start=\"970\" data-end=\"1239\">Pratiques et faciles \u00e0 utiliser, ces 4 tranches de poulet sont parfaites pour <strong data-start=\"1048\" data-end=\"1124\">les repas sur le pouce, les d\u00e9jeuners au bureau ou les d\u00eeners improvis\u00e9s<\/strong>. Gr\u00e2ce \u00e0 leur format \u00e9conomique, vous pouvez les conserver ais\u00e9ment tout en gardant leur fra\u00eecheur et leur go\u00fbt.<\/p>\n<p data-start=\"1241\" data-end=\"1408\">Offrez-vous le plaisir d\u2019une charcuterie de qualit\u00e9 avec le <strong data-start=\"1301\" data-end=\"1340\">D\u00e9lice de Poulet Nature Isla Delice<\/strong>, pour des moments gourmands et conviviaux en famille ou entre amis.<\/p>\n","protected":false},"featured_media":14877,"comment_status":"closed","ping_status":"closed","template":"","meta":{"footnotes":""},"product_cat":[314,638,75],"product_tag":[130],"class_list":{"0":"post-14829","1":"product","2":"type-product","3":"status-publish","4":"has-post-thumbnail","6":"product_brand-isla-delice","7":"product_cat-produits-frais","8":"product_cat-rayon-charcuterie","9":"product_cat-tous-les-produits","10":"product_tag-isla-delice","11":"product_shipping_class-top-produits","13":"first","14":"instock","15":"taxable","16":"shipping-taxable","17":"purchasable","18":"product-type-simple"},"_links":{"self":[{"href":"https:\/\/prointer.fr\/wittenheim\/wp-json\/wp\/v2\/product\/14829","targetHints":{"allow":["GET"]}}],"collection":[{"href":"https:\/\/prointer.fr\/wittenheim\/wp-json\/wp\/v2\/product"}],"about":[{"href":"https:\/\/prointer.fr\/wittenheim\/wp-json\/wp\/v2\/types\/product"}],"replies":[{"embeddable":true,"href":"https:\/\/prointer.fr\/wittenheim\/wp-json\/wp\/v2\/comments?post=14829"}],"version-history":[{"count":1,"href":"https:\/\/prointer.fr\/wittenheim\/wp-json\/wp\/v2\/product\/14829\/revisions"}],"predecessor-version":[{"id":14878,"href":"https:\/\/prointer.fr\/wittenheim\/wp-json\/wp\/v2\/product\/14829\/revisions\/14878"}],"wp:featuredmedia":[{"embeddable":true,"href":"https:\/\/prointer.fr\/wittenheim\/wp-json\/wp\/v2\/media\/14877"}],"wp:attachment":[{"href":"https:\/\/prointer.fr\/wittenheim\/wp-json\/wp\/v2\/media?parent=14829"}],"wp:term":[{"taxonomy":"product_cat","embeddable":true,"href":"https:\/\/prointer.fr\/wittenheim\/wp-json\/wp\/v2\/product_cat?post=14829"},{"taxonomy":"product_tag","embeddable":true,"href":"https:\/\/prointer.fr\/wittenheim\/wp-json\/wp\/v2\/product_tag?post=14829"}],"curies":[{"name":"wp","href":"https:\/\/api.w.org\/{rel}","templated":true}]}}