{"id":14905,"date":"2025-11-25T16:10:39","date_gmt":"2025-11-25T16:10:39","guid":{"rendered":"https:\/\/viande-halal.fr\/wittenheim\/?post_type=product&#038;p=14905"},"modified":"2025-11-25T16:10:44","modified_gmt":"2025-11-25T16:10:44","slug":"carola-bleu-50cl","status":"publish","type":"product","link":"https:\/\/prointer.fr\/wittenheim\/produit\/carola-bleu-50cl\/","title":{"rendered":"CAROLA BLEU &#8211; 50CL"},"content":{"rendered":"<p>D\u00e9couvrez la fra\u00eecheur unique de l&rsquo;eau min\u00e9rale naturelle Carola Bleu en bouteille de 50cl. Id\u00e9ale pour vous hydrater tout au long de la journ\u00e9e, cette eau pure et l\u00e9g\u00e8re saura vous d\u00e9salt\u00e9rer en toute circonstance. La marque Carola est reconnue pour la qualit\u00e9 de ses produits et sa d\u00e9marche \u00e9co-responsable.nnL&rsquo;eau min\u00e9rale naturelle Carola Bleu est puis\u00e9e au c\u0153ur des Vosges, dans un environnement pr\u00e9serv\u00e9 et pr\u00e9sente des qualit\u00e9s exceptionnelles pour votre sant\u00e9. Riche en min\u00e9raux essentiels, cette eau est id\u00e9ale pour accompagner vos repas ou vos s\u00e9ances de sport.nnAvec sa bouteille pratique de 50cl, vous pourrez facilement emporter votre eau Carola Bleu partout avec vous, que ce soit au travail, \u00e0 la salle de sport ou en balade. Sa couleur bleue distinctive en fait un produit reconnaissable et \u00e9l\u00e9gant.nnOffrez-vous le meilleur de la nature avec l&rsquo;eau min\u00e9rale naturelle Carola Bleu, un indispensable de votre quotidien. Commandez d\u00e8s maintenant sur notre site et retrouvez ce produit en rayon lors de votre prochaine visite dans notre supermarch\u00e9.<\/p>\n","protected":false},"excerpt":{"rendered":"<p>D\u00e9couvrez CAROLA BLEU, une eau min\u00e9rale naturelle de qualit\u00e9 sup\u00e9rieure en bouteille de 50cl. Rafra\u00eechissante et pure, cette eau de la marque Carola est parfaite pour vous hydrater au quotidien.<\/p>\n","protected":false},"featured_media":14937,"comment_status":"closed","ping_status":"closed","template":"","meta":{"footnotes":""},"product_cat":[76,75],"product_tag":[155],"class_list":{"0":"post-14905","1":"product","2":"type-product","3":"status-publish","4":"has-post-thumbnail","6":"product_brand-carola","7":"product_cat-boissons","8":"product_cat-tous-les-produits","9":"product_tag-carola","10":"product_shipping_class-top-produits","12":"first","13":"instock","14":"taxable","15":"shipping-taxable","16":"purchasable","17":"product-type-simple"},"_links":{"self":[{"href":"https:\/\/prointer.fr\/wittenheim\/wp-json\/wp\/v2\/product\/14905","targetHints":{"allow":["GET"]}}],"collection":[{"href":"https:\/\/prointer.fr\/wittenheim\/wp-json\/wp\/v2\/product"}],"about":[{"href":"https:\/\/prointer.fr\/wittenheim\/wp-json\/wp\/v2\/types\/product"}],"replies":[{"embeddable":true,"href":"https:\/\/prointer.fr\/wittenheim\/wp-json\/wp\/v2\/comments?post=14905"}],"version-history":[{"count":1,"href":"https:\/\/prointer.fr\/wittenheim\/wp-json\/wp\/v2\/product\/14905\/revisions"}],"predecessor-version":[{"id":14938,"href":"https:\/\/prointer.fr\/wittenheim\/wp-json\/wp\/v2\/product\/14905\/revisions\/14938"}],"wp:featuredmedia":[{"embeddable":true,"href":"https:\/\/prointer.fr\/wittenheim\/wp-json\/wp\/v2\/media\/14937"}],"wp:attachment":[{"href":"https:\/\/prointer.fr\/wittenheim\/wp-json\/wp\/v2\/media?parent=14905"}],"wp:term":[{"taxonomy":"product_cat","embeddable":true,"href":"https:\/\/prointer.fr\/wittenheim\/wp-json\/wp\/v2\/product_cat?post=14905"},{"taxonomy":"product_tag","embeddable":true,"href":"https:\/\/prointer.fr\/wittenheim\/wp-json\/wp\/v2\/product_tag?post=14905"}],"curies":[{"name":"wp","href":"https:\/\/api.w.org\/{rel}","templated":true}]}}