{"id":15141,"date":"2025-11-25T16:11:17","date_gmt":"2025-11-25T16:11:17","guid":{"rendered":"https:\/\/viande-halal.fr\/wittenheim\/?post_type=product&#038;p=15141"},"modified":"2025-11-25T16:11:19","modified_gmt":"2025-11-25T16:11:19","slug":"haricot-lingot-blanc-legumor-1kg","status":"publish","type":"product","link":"https:\/\/prointer.fr\/wittenheim\/produit\/haricot-lingot-blanc-legumor-1kg\/","title":{"rendered":"HARICOT LINGOT BLANC LEGUMOR &#8211; 1KG"},"content":{"rendered":"<p>D\u00e9couvrez le HARICOT LINGOT BLANC LEGUMOR &#8211; 1KG, un produit de qualit\u00e9 de la marque LEGUMOR, disponible dans notre rayon \u00c9picerie sal\u00e9e. Ce sachet de haricots blancs de 1kg est id\u00e9al pour agr\u00e9menter vos plats en toute simplicit\u00e9.nnLes haricots lingot blancs sont reconnus pour leur saveur d\u00e9licate et leur texture fondante. Riches en prot\u00e9ines et en fibres, ils constituent un choix sain et \u00e9quilibr\u00e9 pour votre alimentation. Parfaitement adapt\u00e9s pour la pr\u00e9paration de plats traditionnels tels que le cassoulet ou la soupe aux haricots, ces haricots lingot blancs vous permettront de r\u00e9galer toute votre famille.nnChez LEGUMOR, la qualit\u00e9 est au c\u0153ur de nos pr\u00e9occupations. Nous s\u00e9lectionnons avec soin les meilleurs ingr\u00e9dients pour vous offrir des produits d&rsquo;exception. Le HARICOT LINGOT BLANC LEGUMOR &#8211; 1KG ne fait pas exception \u00e0 la r\u00e8gle et saura satisfaire les palais les plus exigeants.nnN&rsquo;attendez plus pour ajouter ce d\u00e9licieux produit \u00e0 votre panier lors de votre prochaine visite dans notre supermarch\u00e9. Offrez-vous le meilleur avec LEGUMOR et r\u00e9galez-vous en toute simplicit\u00e9.<\/p>\n","protected":false},"excerpt":{"rendered":"<p>D\u00e9couvrez les haricots Lingot Blanc LEGUMOR, un produit de qualit\u00e9 en format 1kg. Savoureux et riches en nutriments, ces l\u00e9gumineuses sont parfaits pour des plats sains et d\u00e9licieux.<\/p>\n","protected":false},"featured_media":14104,"comment_status":"closed","ping_status":"closed","template":"","meta":{"footnotes":""},"product_cat":[104,75],"product_tag":[200],"class_list":{"0":"post-15141","1":"product","2":"type-product","3":"status-publish","4":"has-post-thumbnail","6":"product_brand-legumor","7":"product_cat-epicerie-salee","8":"product_cat-tous-les-produits","9":"product_tag-legumor","10":"product_shipping_class-top-produits","12":"first","13":"instock","14":"taxable","15":"shipping-taxable","16":"purchasable","17":"product-type-simple"},"_links":{"self":[{"href":"https:\/\/prointer.fr\/wittenheim\/wp-json\/wp\/v2\/product\/15141","targetHints":{"allow":["GET"]}}],"collection":[{"href":"https:\/\/prointer.fr\/wittenheim\/wp-json\/wp\/v2\/product"}],"about":[{"href":"https:\/\/prointer.fr\/wittenheim\/wp-json\/wp\/v2\/types\/product"}],"replies":[{"embeddable":true,"href":"https:\/\/prointer.fr\/wittenheim\/wp-json\/wp\/v2\/comments?post=15141"}],"version-history":[{"count":1,"href":"https:\/\/prointer.fr\/wittenheim\/wp-json\/wp\/v2\/product\/15141\/revisions"}],"predecessor-version":[{"id":15159,"href":"https:\/\/prointer.fr\/wittenheim\/wp-json\/wp\/v2\/product\/15141\/revisions\/15159"}],"wp:featuredmedia":[{"embeddable":true,"href":"https:\/\/prointer.fr\/wittenheim\/wp-json\/wp\/v2\/media\/14104"}],"wp:attachment":[{"href":"https:\/\/prointer.fr\/wittenheim\/wp-json\/wp\/v2\/media?parent=15141"}],"wp:term":[{"taxonomy":"product_cat","embeddable":true,"href":"https:\/\/prointer.fr\/wittenheim\/wp-json\/wp\/v2\/product_cat?post=15141"},{"taxonomy":"product_tag","embeddable":true,"href":"https:\/\/prointer.fr\/wittenheim\/wp-json\/wp\/v2\/product_tag?post=15141"}],"curies":[{"name":"wp","href":"https:\/\/api.w.org\/{rel}","templated":true}]}}