{"id":15150,"date":"2025-11-25T16:11:18","date_gmt":"2025-11-25T16:11:18","guid":{"rendered":"https:\/\/viande-halal.fr\/wittenheim\/?post_type=product&#038;p=15150"},"modified":"2025-11-25T16:11:22","modified_gmt":"2025-11-25T16:11:22","slug":"boulgour-fin-koftelik-kisirlik-duru-1kg","status":"publish","type":"product","link":"https:\/\/prointer.fr\/wittenheim\/produit\/boulgour-fin-koftelik-kisirlik-duru-1kg\/","title":{"rendered":"BOULGOUR FIN KOFTELIK KISIRLIK DURU &#8211; 1KG"},"content":{"rendered":"<p>Le boulgour fin Koftelik Kisirlik Duru est un produit incontournable de la marque Duru, sp\u00e9cialiste de l&rsquo;\u00e9picerie sal\u00e9e. Ce boulgour de qualit\u00e9 sup\u00e9rieure est id\u00e9al pour pr\u00e9parer de d\u00e9licieuses recettes orientales comme le kisir, un plat turc traditionnel \u00e0 base de boulgour, de tomates, de poivrons et de persil.nnLe boulgour fin Koftelik Kisirlik Duru est le choix parfait pour ceux qui recherchent un ingr\u00e9dient sain et savoureux pour leurs repas. Ce boulgour de premi\u00e8re qualit\u00e9 est riche en fibres et en nutriments essentiels, ce qui en fait un aliment parfait pour une alimentation \u00e9quilibr\u00e9e.nnSa texture fine et sa saveur d\u00e9licate en font un ingr\u00e9dient polyvalent qui se marie parfaitement avec une grande vari\u00e9t\u00e9 d&rsquo;ingr\u00e9dients. Que ce soit en salade, en accompagnement de viandes ou de l\u00e9gumes, ou m\u00eame en garniture pour vos plats, le boulgour fin Koftelik Kisirlik Duru saura satisfaire les papilles les plus exigeantes.nnN&rsquo;h\u00e9sitez pas \u00e0 ajouter ce produit \u00e0 votre panier lors de votre prochaine visite dans notre supermarch\u00e9. D\u00e9couvrez le go\u00fbt authentique de la cuisine orientale avec le boulgour fin Koftelik Kisirlik Duru de la marque Duru.<\/p>\n","protected":false},"excerpt":{"rendered":"<p>D\u00e9couvrez le boulgour fin Koftelik Kisirlik Duru, un produit de qualit\u00e9 de la marque Duru. Id\u00e9al pour pr\u00e9parer de d\u00e9licieuses recettes orientales, ce boulgour saura ravir vos papilles. \u00c0 essayer absolument !<\/p>\n","protected":false},"featured_media":14156,"comment_status":"closed","ping_status":"closed","template":"","meta":{"footnotes":""},"product_cat":[104,75],"product_tag":[168],"class_list":{"0":"post-15150","1":"product","2":"type-product","3":"status-publish","4":"has-post-thumbnail","6":"product_brand-duru","7":"product_cat-epicerie-salee","8":"product_cat-tous-les-produits","9":"product_tag-duru","10":"product_shipping_class-top-produits","12":"first","13":"instock","14":"taxable","15":"shipping-taxable","16":"purchasable","17":"product-type-simple"},"_links":{"self":[{"href":"https:\/\/prointer.fr\/wittenheim\/wp-json\/wp\/v2\/product\/15150","targetHints":{"allow":["GET"]}}],"collection":[{"href":"https:\/\/prointer.fr\/wittenheim\/wp-json\/wp\/v2\/product"}],"about":[{"href":"https:\/\/prointer.fr\/wittenheim\/wp-json\/wp\/v2\/types\/product"}],"replies":[{"embeddable":true,"href":"https:\/\/prointer.fr\/wittenheim\/wp-json\/wp\/v2\/comments?post=15150"}],"version-history":[{"count":1,"href":"https:\/\/prointer.fr\/wittenheim\/wp-json\/wp\/v2\/product\/15150\/revisions"}],"predecessor-version":[{"id":15178,"href":"https:\/\/prointer.fr\/wittenheim\/wp-json\/wp\/v2\/product\/15150\/revisions\/15178"}],"wp:featuredmedia":[{"embeddable":true,"href":"https:\/\/prointer.fr\/wittenheim\/wp-json\/wp\/v2\/media\/14156"}],"wp:attachment":[{"href":"https:\/\/prointer.fr\/wittenheim\/wp-json\/wp\/v2\/media?parent=15150"}],"wp:term":[{"taxonomy":"product_cat","embeddable":true,"href":"https:\/\/prointer.fr\/wittenheim\/wp-json\/wp\/v2\/product_cat?post=15150"},{"taxonomy":"product_tag","embeddable":true,"href":"https:\/\/prointer.fr\/wittenheim\/wp-json\/wp\/v2\/product_tag?post=15150"}],"curies":[{"name":"wp","href":"https:\/\/api.w.org\/{rel}","templated":true}]}}