{"id":15294,"date":"2025-11-25T16:11:34","date_gmt":"2025-11-25T16:11:34","guid":{"rendered":"https:\/\/viande-halal.fr\/wittenheim\/?post_type=product&#038;p=15294"},"modified":"2025-11-25T16:11:36","modified_gmt":"2025-11-25T16:11:36","slug":"viande-a-bouillir-halal","status":"publish","type":"product","link":"https:\/\/prointer.fr\/wittenheim\/produit\/viande-a-bouillir-halal\/","title":{"rendered":"VIANDE A BOUILLIR HALAL"},"content":{"rendered":"<h3>VIANDE A BOUILLIR HALAL<\/h3>\n<p data-start=\"1343\" data-end=\"1878\">La <strong data-start=\"1346\" data-end=\"1383\"><a href=\"https:\/\/viande-halal.fr\/categorie-produit\/tous-les-produits\/boucherie-charcuterie\/viande-halal\/viande-bovine\/\" target=\"_blank\" rel=\"noopener\">viande<\/a> \u00e0 bouillir halal Pro-Inter<\/strong> est un produit authentique et g\u00e9n\u00e9reux, parfait pour les amateurs de plats mijot\u00e9s et de cuisine familiale. Issue de <strong data-start=\"1501\" data-end=\"1526\">b\u0153uf d\u2019origine France<\/strong>, elle regroupe plusieurs morceaux r\u00e9put\u00e9s pour leur go\u00fbt et leur texture fondante : <strong data-start=\"1611\" data-end=\"1642\">paleron, jumeau et macreuse<\/strong>. Ces pi\u00e8ces, riches en collag\u00e8ne, r\u00e9v\u00e8lent toute leur saveur apr\u00e8s une cuisson lente, id\u00e9ale pour des recettes traditionnelles comme le <strong data-start=\"1779\" data-end=\"1793\">pot-au-feu<\/strong>, le <strong data-start=\"1798\" data-end=\"1818\">b\u0153uf aux l\u00e9gumes<\/strong>, ou encore des <strong data-start=\"1834\" data-end=\"1855\">rago\u00fbts orientaux<\/strong> parfum\u00e9s aux \u00e9pices.<\/p>\n<p data-start=\"1343\" data-end=\"1878\">Certifi\u00e9e <strong data-start=\"1890\" data-end=\"1905\">100 % halal<\/strong>, cette viande respecte les normes les plus strictes en mati\u00e8re d\u2019abattage et de tra\u00e7abilit\u00e9, garantissant ainsi <strong data-start=\"2018\" data-end=\"2047\">une qualit\u00e9 irr\u00e9prochable<\/strong> et une <strong data-start=\"2055\" data-end=\"2116\">viande conforme aux exigences alimentaires de nos clients<\/strong>. Chaque morceau est s\u00e9lectionn\u00e9 pour offrir une chair tendre, savoureuse et nutritive, parfaite pour r\u00e9chauffer les tables familiales ou pr\u00e9parer des plats g\u00e9n\u00e9reux pour vos convives.<\/p>\n<p data-start=\"1880\" data-end=\"2302\">La <strong data-start=\"2307\" data-end=\"2334\">viande \u00e0 bouillir halal<\/strong> se distingue par sa richesse en go\u00fbt et en nutriments. Source naturelle de prot\u00e9ines et de fer, elle contribue \u00e0 une alimentation \u00e9quilibr\u00e9e tout en restant accessible et simple \u00e0 cuisiner. Une fois plong\u00e9e dans un bouillon ou mijot\u00e9e avec des l\u00e9gumes, elle devient incroyablement tendre, fondante, et d\u00e9veloppe des ar\u00f4mes profonds et r\u00e9confortants. Chez <strong data-start=\"2693\" data-end=\"2706\">Pro-Inter<\/strong>, nous mettons un point d\u2019honneur \u00e0 vous proposer des produits halal de haute qualit\u00e9, s\u00e9lectionn\u00e9s aupr\u00e8s d\u2019\u00e9leveurs fran\u00e7ais reconnus pour leur savoir-faire. Notre viande \u00e0 bouillir halal est <strong data-start=\"2900\" data-end=\"2938\">vendue au kilo dans nos boucheries<\/strong>et pr\u00e9par\u00e9e chaque jour avec le plus grand soin pour garantir <strong data-start=\"3001\" data-end=\"3047\">fra\u00eecheur, tra\u00e7abilit\u00e9 et go\u00fbt authentique<\/strong>.<\/p>\n<p data-start=\"1880\" data-end=\"2302\">Parfaite pour les plats de saison, les repas familiaux ou les recettes de tradition, la viande \u00e0 bouillir halal Pro-Inter incarne la g\u00e9n\u00e9rosit\u00e9 de la cuisine maison. C\u2019est un produit polyvalent, \u00e9conomique et savoureux, qui s\u2019adapte \u00e0 toutes vos envies gourmandes. <strong data-start=\"3320\" data-end=\"3408\">Disponible dans vos magasins Pro-Inter dans le Grand Est et le Territoire de Belfort<\/strong>, votre destination de r\u00e9f\u00e9rence pour les produits du monde, orientaux et halal.<\/p>\n","protected":false},"excerpt":{"rendered":"<p>D\u00e9couvrez la <strong data-start=\"269\" data-end=\"306\">viande \u00e0 bouillir halal Pro-Inter<\/strong>, un classique incontournable de la cuisine familiale fran\u00e7aise, r\u00e9put\u00e9 pour sa tendret\u00e9 et son go\u00fbt authentique. S\u00e9lectionn\u00e9e avec soin parmi les meilleures <strong data-start=\"464\" data-end=\"500\">viandes de b\u0153uf d\u2019origine France<\/strong>, elle se compose de morceaux choisis tels que le <strong data-start=\"550\" data-end=\"587\">paleron, le jumeau et la macreuse<\/strong>, parfaits pour les cuissons longues et mijot\u00e9es.<\/p>\n<p>Certifi\u00e9e <strong data-start=\"649\" data-end=\"664\">100 % halal<\/strong>, cette viande de qualit\u00e9 est id\u00e9ale pour pr\u00e9parer vos plats traditionnels comme le pot-au-feu, les rago\u00fbts, ou les soupes de viande riches en saveurs. En mijotant lentement, elle lib\u00e8re tout son ar\u00f4me et garantit une texture fondante \u00e0 chaque bouch\u00e9e.<\/p>\n<p>Vendu au kilo dans nos boucheries <strong data-start=\"953\" data-end=\"966\">Pro-Inter<\/strong>, ce produit vous offre un excellent rapport qualit\u00e9-prix pour des repas conviviaux et nourrissants. Que vous cuisiniez pour votre famille ou vos invit\u00e9s, la viande \u00e0 bouillir halal Pro-Inter s\u2019impose comme une valeur s\u00fbre pour sublimer vos recettes maison, en alliant <strong data-start=\"1235\" data-end=\"1289\">authenticit\u00e9, tradition et qualit\u00e9 certifi\u00e9e halal<\/strong>.<\/p>\n","protected":false},"featured_media":14347,"comment_status":"open","ping_status":"closed","template":"","meta":{"footnotes":""},"product_cat":[312,75,529,649],"product_tag":[],"class_list":{"0":"post-15294","1":"product","2":"type-product","3":"status-publish","4":"has-post-thumbnail","6":"product_cat-boucherie-charcuterie","7":"product_cat-tous-les-produits","8":"product_cat-viande-halal","9":"product_cat-viande-bovine","11":"first","12":"instock","13":"taxable","14":"shipping-taxable","15":"product-type-simple"},"_links":{"self":[{"href":"https:\/\/prointer.fr\/wittenheim\/wp-json\/wp\/v2\/product\/15294","targetHints":{"allow":["GET"]}}],"collection":[{"href":"https:\/\/prointer.fr\/wittenheim\/wp-json\/wp\/v2\/product"}],"about":[{"href":"https:\/\/prointer.fr\/wittenheim\/wp-json\/wp\/v2\/types\/product"}],"replies":[{"embeddable":true,"href":"https:\/\/prointer.fr\/wittenheim\/wp-json\/wp\/v2\/comments?post=15294"}],"version-history":[{"count":1,"href":"https:\/\/prointer.fr\/wittenheim\/wp-json\/wp\/v2\/product\/15294\/revisions"}],"predecessor-version":[{"id":15307,"href":"https:\/\/prointer.fr\/wittenheim\/wp-json\/wp\/v2\/product\/15294\/revisions\/15307"}],"wp:featuredmedia":[{"embeddable":true,"href":"https:\/\/prointer.fr\/wittenheim\/wp-json\/wp\/v2\/media\/14347"}],"wp:attachment":[{"href":"https:\/\/prointer.fr\/wittenheim\/wp-json\/wp\/v2\/media?parent=15294"}],"wp:term":[{"taxonomy":"product_cat","embeddable":true,"href":"https:\/\/prointer.fr\/wittenheim\/wp-json\/wp\/v2\/product_cat?post=15294"},{"taxonomy":"product_tag","embeddable":true,"href":"https:\/\/prointer.fr\/wittenheim\/wp-json\/wp\/v2\/product_tag?post=15294"}],"curies":[{"name":"wp","href":"https:\/\/api.w.org\/{rel}","templated":true}]}}